




{"id":1410,"date":"2013-03-23T13:06:18","date_gmt":"2013-03-23T13:06:18","guid":{"rendered":"http:\/\/www.ingaso.com\/en\/contacto\/"},"modified":"2022-03-15T14:41:13","modified_gmt":"2022-03-15T14:41:13","slug":"contact","status":"publish","type":"page","link":"https:\/\/www.ingaso.com\/en\/contact\/","title":{"rendered":"Contact"},"content":{"rendered":"[vc_row type=&#8221;in_container&#8221; full_screen_row_position=&#8221;middle&#8221; scene_position=&#8221;center&#8221; text_color=&#8221;dark&#8221; text_align=&#8221;left&#8221; overlay_strength=&#8221;0.3&#8243;][vc_column column_padding=&#8221;no-extra-padding&#8221; column_padding_position=&#8221;all&#8221; background_color_opacity=&#8221;1&#8243; background_hover_color_opacity=&#8221;1&#8243; width=&#8221;1\/1&#8243; tablet_text_alignment=&#8221;default&#8221; phone_text_alignment=&#8221;default&#8221;]<div class='iwm_map_canvas'><div id='map_canvas_1' class='i_world_map ' class='iwm_map_canvas'><div class='iwm_placeholder'><img width='32px' alt='Ingaso Map Placeholder' title='Ingaso Map' src='https:\/\/www.ingaso.com\/wp-content\/plugins\/interactive-world-maps\/imgs\/placeholder.png'><br>Ingaso Map<\/div><\/div><\/div>[\/vc_column][\/vc_row][vc_row type=&#8221;in_container&#8221; full_screen_row_position=&#8221;middle&#8221; scene_position=&#8221;center&#8221; text_color=&#8221;dark&#8221; text_align=&#8221;left&#8221; top_padding=&#8221;50&#8243; overlay_strength=&#8221;0.3&#8243;][vc_column column_padding=&#8221;no-extra-padding&#8221; column_padding_position=&#8221;all&#8221; background_color_opacity=&#8221;1&#8243; background_hover_color_opacity=&#8221;1&#8243; width=&#8221;2\/3&#8243; tablet_text_alignment=&#8221;default&#8221; phone_text_alignment=&#8221;default&#8221;]\n<div class=\"wpcf7 no-js\" id=\"wpcf7-f1427-o1\" lang=\"es-ES\" dir=\"ltr\">\n<div class=\"screen-reader-response\"><p role=\"status\" aria-live=\"polite\" aria-atomic=\"true\"><\/p> <ul><\/ul><\/div>\n<form action=\"\/en\/wp-json\/wp\/v2\/pages\/1410#wpcf7-f1427-o1\" method=\"post\" class=\"wpcf7-form init\" aria-label=\"Formulario de contacto\" novalidate=\"novalidate\" data-status=\"init\">\n<div style=\"display: none;\">\n<input type=\"hidden\" name=\"_wpcf7\" value=\"1427\" \/>\n<input type=\"hidden\" name=\"_wpcf7_version\" value=\"5.8.5\" \/>\n<input type=\"hidden\" name=\"_wpcf7_locale\" value=\"es_ES\" \/>\n<input type=\"hidden\" name=\"_wpcf7_unit_tag\" value=\"wpcf7-f1427-o1\" \/>\n<input type=\"hidden\" name=\"_wpcf7_container_post\" value=\"0\" \/>\n<input type=\"hidden\" name=\"_wpcf7_posted_data_hash\" value=\"\" \/>\n<\/div>\n<p><label> Name *<br \/>\n<span class=\"wpcf7-form-control-wrap\" data-name=\"your-name\"><input size=\"40\" class=\"wpcf7-form-control wpcf7-text wpcf7-validates-as-required\" aria-required=\"true\" aria-invalid=\"false\" value=\"\" type=\"text\" name=\"your-name\" \/><\/span> <\/label>\n<\/p>\n<p><label> Email *<br \/>\n<span class=\"wpcf7-form-control-wrap\" data-name=\"your-email\"><input size=\"40\" class=\"wpcf7-form-control wpcf7-email wpcf7-validates-as-required wpcf7-text wpcf7-validates-as-email\" aria-required=\"true\" aria-invalid=\"false\" value=\"\" type=\"email\" name=\"your-email\" \/><\/span> <\/label>\n<\/p>\n<p><label> Subject<br \/>\n<span class=\"wpcf7-form-control-wrap\" data-name=\"your-subject\"><input size=\"40\" class=\"wpcf7-form-control wpcf7-text\" aria-invalid=\"false\" value=\"\" type=\"text\" name=\"your-subject\" \/><\/span> <\/label>\n<\/p>\n<p><label> Message<br \/>\n<span class=\"wpcf7-form-control-wrap\" data-name=\"your-message\"><textarea cols=\"40\" rows=\"10\" class=\"wpcf7-form-control wpcf7-textarea\" aria-invalid=\"false\" name=\"your-message\"><\/textarea><\/span> <\/label>\n<\/p>\n<p><label><br \/>\n<span class=\"wpcf7-form-control-wrap\" data-name=\"acceptance-366\"><span class=\"wpcf7-form-control wpcf7-acceptance\"><span class=\"wpcf7-list-item\"><input type=\"checkbox\" name=\"acceptance-366\" value=\"1\" aria-invalid=\"false\" \/><\/span><\/span><\/span> I agree to the terms and privacy policy <\/label>\n<\/p>\n<p><input class=\"wpcf7-form-control wpcf7-submit has-spinner\" type=\"submit\" value=\"Send\" \/>\n<\/p>\n<div class=\"lopd-info\">\n\t<p class=\"title\"><br \/>\nBasic information about Data Protection\n\t<\/p>\n\t<table>\n\t\t<tr>\n\t\t\t<td class=\"first-item\">\n\t\t\t\t<p>Responsible\n\t\t\t\t<\/p>\n\t\t\t<\/td>\n\t\t\t<td class=\"second-item\">\n\t\t\t\t<p>INGASO FARM<a target=\"_blank\" class=\"more-info\" href=\"https:\/\/www.ingaso.com\/en\/privacy-policy\/#responsable\">+ info<\/a>\n\t\t\t\t<\/p>\n\t\t\t<\/td>\n\t\t<\/tr>\n\t\t<tr class=\"odd\">\n\t\t\t<td class=\"first-item\">\n\t\t\t\t<p>Purpose\n\t\t\t\t<\/p>\n\t\t\t<\/td>\n\t\t\t<td class=\"second-item\">\n\t\t\t\t<p>Send promotional and advertising communications related to any of INGASO FARM products and\/or services<a target=\"_blank\" class=\"more-info\" href=\"https:\/\/www.ingaso.com\/en\/privacy-policy\/#finalidad\">+ info<\/a>\n\t\t\t\t<\/p>\n\t\t\t<\/td>\n\t\t<\/tr>\n\t\t<tr>\n\t\t\t<td class=\"first-item\">\n\t\t\t\t<p>Legal capacity\n\t\t\t\t<\/p>\n\t\t\t<\/td>\n\t\t\t<td class=\"second-item\">\n\t\t\t\t<p>User's consentment.<a target=\"_blank\" class=\"more-info\" href=\"https:\/\/www.ingaso.com\/en\/privacy-policy\/#legitimacion\">+ info<\/a>\n\t\t\t\t<\/p>\n\t\t\t<\/td>\n\t\t<\/tr>\n\t\t<tr class=\"odd\">\n\t\t\t<td class=\"first-item\">\n\t\t\t\t<p>Recipients\n\t\t\t\t<\/p>\n\t\t\t<\/td>\n\t\t\t<td class=\"second-item\">\n\t\t\t\t<p>Responsibles for data treatment within the EU<a target=\"_blank\" class=\"more-info\" href=\"https:\/\/www.ingaso.com\/en\/privacy-policy\/#destinatarios\">+ info<\/a>\n\t\t\t\t<\/p>\n\t\t\t<\/td>\n\t\t<\/tr>\n\t\t<tr>\n\t\t\t<td class=\"first-item\">\n\t\t\t\t<p>Rights\n\t\t\t\t<\/p>\n\t\t\t<\/td>\n\t\t\t<td class=\"second-item\">\n\t\t\t\t<p>Access, rectify and suppress data, as well as other rights, as explained in the further information field.<a target=\"_blank\" class=\"more-info\" href=\"https:\/\/www.ingaso.com\/en\/privacy-policy\/#derechos\">+ info<\/a>\n\t\t\t\t<\/p>\n\t\t\t<\/td>\n\t\t<\/tr>\n\t\t<tr class=\"odd\">\n\t\t\t<td class=\"first-item\">\n\t\t\t\t<p>Origin\n\t\t\t\t<\/p>\n\t\t\t<\/td>\n\t\t\t<td class=\"second-item\">\n\t\t\t\t<p>The interested party themself.<a target=\"_blank\" class=\"more-info\" href=\"https:\/\/www.ingaso.com\/en\/privacy-policy\/#procedencia\">+ info<\/a>\n\t\t\t\t<\/p>\n\t\t\t<\/td>\n\t\t<\/tr>\n\t\t<tr>\n\t\t\t<td class=\"first-item\">\n\t\t\t\t<p>Further information\n\t\t\t\t<\/p>\n\t\t\t<\/td>\n\t\t\t<td class=\"second-item\">\n\t\t\t\t<p>You can check further information detailed about Data Protection within our website: <a href=\"https:\/\/www.ingaso.com\/en\/privacy-policy\/\" target=\"_blank\">pol\u00edtica de privacidad<\/a>\n\t\t\t\t<\/p>\n\t\t\t<\/td>\n\t\t<\/tr>\n\t<\/table>\n<\/div>\n<input type=\"hidden\" id=\"ct_checkjs_cf7_07871915a8107172b3b5dc15a6574ad3\" name=\"ct_checkjs_cf7\" value=\"0\" \/><script >setTimeout(function(){var ct_input_name = \"ct_checkjs_cf7_07871915a8107172b3b5dc15a6574ad3\";if (document.getElementById(ct_input_name) !== null) {var ct_input_value = document.getElementById(ct_input_name).value;document.getElementById(ct_input_name).value = document.getElementById(ct_input_name).value.replace(ct_input_value, '1047089774');}}, 1000);<\/script><p style=\"display: none !important;\"><label>&#916;<textarea name=\"_wpcf7_ak_hp_textarea\" cols=\"45\" rows=\"8\" maxlength=\"100\"><\/textarea><\/label><input type=\"hidden\" id=\"ak_js_1\" name=\"_wpcf7_ak_js\" value=\"40\"\/><script>document.getElementById( \"ak_js_1\" ).setAttribute( \"value\", ( new Date() ).getTime() );<\/script><\/p><div class=\"wpcf7-response-output\" aria-hidden=\"true\"><\/div>\n<\/form>\n<\/div>\n[\/vc_column][vc_column column_padding=&#8221;no-extra-padding&#8221; column_padding_position=&#8221;all&#8221; background_color_opacity=&#8221;1&#8243; background_hover_color_opacity=&#8221;1&#8243; width=&#8221;1\/3&#8243; tablet_text_alignment=&#8221;default&#8221; phone_text_alignment=&#8221;default&#8221;][vc_column_text]\n<h3>Do you have any doubt?<\/h3>\n<p>If you have any question, get contact with as and our experts will answear your doubts[\/vc_column_text][divider line_type=&#8221;Small Line&#8221; line_thickness=&#8221;1&#8243; divider_color=&#8221;default&#8221; custom_height=&#8221;20&#8243; custom_line_width=&#8221;50&#8243;][vc_column_text el_class=&#8221;texto-direccion&#8221;]Pol\u00edgono El Carrascal, P 8-9.<br \/>\nLanciego 01308. \u00c1lava (Espa\u00f1a)[\/vc_column_text][divider line_type=&#8221;No Line&#8221; custom_height=&#8221;20&#8243;][vc_column_text el_class=&#8221;texto-direccion&#8221;]<strong>T:<\/strong>\u00a0+34 945 62 50 20<\/p>\n[\/vc_column_text][divider line_type=&#8221;No Line&#8221; custom_height=&#8221;10&#8243;][vc_column_text el_class=&#8221;texto-direccion&#8221;]<strong>E:<\/strong> <a href=\"mailto:info@farmfaes.com\">info@farmfaes.com<\/a>[\/vc_column_text][\/vc_column][\/vc_row]\n","protected":false},"excerpt":{"rendered":"<p>[vc_row type=&#8221;in_container&#8221; full_screen_row_position=&#8221;middle&#8221; scene_position=&#8221;center&#8221; text_color=&#8221;dark&#8221; text_align=&#8221;left&#8221; overlay_strength=&#8221;0.3&#8243;][vc_column column_padding=&#8221;no-extra-padding&#8221; column_padding_position=&#8221;all&#8221; background_color_opacity=&#8221;1&#8243; background_hover_color_opacity=&#8221;1&#8243; width=&#8221;1\/1&#8243; tablet_text_alignment=&#8221;default&#8221; phone_text_alignment=&#8221;default&#8221;][\/vc_column][\/vc_row][vc_row type=&#8221;in_container&#8221; full_screen_row_position=&#8221;middle&#8221; scene_position=&#8221;center&#8221; text_color=&#8221;dark&#8221; text_align=&#8221;left&#8221; top_padding=&#8221;50&#8243; overlay_strength=&#8221;0.3&#8243;][vc_column column_padding=&#8221;no-extra-padding&#8221; column_padding_position=&#8221;all&#8221; background_color_opacity=&#8221;1&#8243; background_hover_color_opacity=&#8221;1&#8243; width=&#8221;2\/3&#8243; tablet_text_alignment=&#8221;default&#8221; phone_text_alignment=&#8221;default&#8221;][\/vc_column][vc_column column_padding=&#8221;no-extra-padding&#8221; column_padding_position=&#8221;all&#8221;&#8230;<\/p>\n","protected":false},"author":1,"featured_media":0,"parent":0,"menu_order":0,"comment_status":"open","ping_status":"open","template":"","meta":{"footnotes":""},"yoast_head":"<!-- This site is optimized with the Yoast SEO plugin v21.7 - https:\/\/yoast.com\/wordpress\/plugins\/seo\/ -->\n<title>Contact | INGASO<\/title>\n<meta name=\"description\" content=\"Do you have eny doubt? Contact Ingaso: Pol\u00edgono El Carrascal, P 8-9. Lanciego 01308. Alava (Espa\u00f1a) Tel\u00e9fono: +34 945 62 50 20 Email: info@ingaso.com\" \/>\n<meta name=\"robots\" content=\"index, follow, max-snippet:-1, max-image-preview:large, max-video-preview:-1\" \/>\n<link rel=\"canonical\" href=\"https:\/\/www.ingaso.com\/en\/contact\/\" \/>\n<meta property=\"og:locale\" content=\"en_US\" \/>\n<meta property=\"og:type\" content=\"article\" \/>\n<meta property=\"og:title\" content=\"Contact | INGASO\" \/>\n<meta property=\"og:description\" content=\"Do you have eny doubt? Contact Ingaso: Pol\u00edgono El Carrascal, P 8-9. Lanciego 01308. Alava (Espa\u00f1a) Tel\u00e9fono: +34 945 62 50 20 Email: info@ingaso.com\" \/>\n<meta property=\"og:url\" content=\"https:\/\/www.ingaso.com\/en\/contact\/\" \/>\n<meta property=\"og:site_name\" content=\"Ingaso\" \/>\n<meta property=\"article:modified_time\" content=\"2022-03-15T14:41:13+00:00\" \/>\n<meta name=\"twitter:card\" content=\"summary_large_image\" \/>\n<meta name=\"twitter:label1\" content=\"Est. reading time\" \/>\n\t<meta name=\"twitter:data1\" content=\"1 minute\" \/>\n<script type=\"application\/ld+json\" class=\"yoast-schema-graph\">{\"@context\":\"https:\/\/schema.org\",\"@graph\":[{\"@type\":\"WebPage\",\"@id\":\"https:\/\/www.ingaso.com\/en\/contact\/\",\"url\":\"https:\/\/www.ingaso.com\/en\/contact\/\",\"name\":\"Contact | INGASO\",\"isPartOf\":{\"@id\":\"https:\/\/www.ingaso.com\/#website\"},\"datePublished\":\"2013-03-23T13:06:18+00:00\",\"dateModified\":\"2022-03-15T14:41:13+00:00\",\"description\":\"Do you have eny doubt? Contact Ingaso: Pol\u00edgono El Carrascal, P 8-9. Lanciego 01308. Alava (Espa\u00f1a) Tel\u00e9fono: +34 945 62 50 20 Email: info@ingaso.com\",\"breadcrumb\":{\"@id\":\"https:\/\/www.ingaso.com\/en\/contact\/#breadcrumb\"},\"inLanguage\":\"en-US\",\"potentialAction\":[{\"@type\":\"ReadAction\",\"target\":[\"https:\/\/www.ingaso.com\/en\/contact\/\"]}]},{\"@type\":\"BreadcrumbList\",\"@id\":\"https:\/\/www.ingaso.com\/en\/contact\/#breadcrumb\",\"itemListElement\":[{\"@type\":\"ListItem\",\"position\":1,\"name\":\"Portada\",\"item\":\"https:\/\/www.ingaso.com\/en\/\"},{\"@type\":\"ListItem\",\"position\":2,\"name\":\"Contact\"}]},{\"@type\":\"WebSite\",\"@id\":\"https:\/\/www.ingaso.com\/#website\",\"url\":\"https:\/\/www.ingaso.com\/\",\"name\":\"Ingaso\",\"description\":\"\",\"potentialAction\":[{\"@type\":\"SearchAction\",\"target\":{\"@type\":\"EntryPoint\",\"urlTemplate\":\"https:\/\/www.ingaso.com\/?s={search_term_string}\"},\"query-input\":\"required name=search_term_string\"}],\"inLanguage\":\"en-US\"}]}<\/script>\n<!-- \/ Yoast SEO plugin. -->","yoast_head_json":{"title":"Contact | INGASO","description":"Do you have eny doubt? Contact Ingaso: Pol\u00edgono El Carrascal, P 8-9. Lanciego 01308. Alava (Espa\u00f1a) Tel\u00e9fono: +34 945 62 50 20 Email: info@ingaso.com","robots":{"index":"index","follow":"follow","max-snippet":"max-snippet:-1","max-image-preview":"max-image-preview:large","max-video-preview":"max-video-preview:-1"},"canonical":"https:\/\/www.ingaso.com\/en\/contact\/","og_locale":"en_US","og_type":"article","og_title":"Contact | INGASO","og_description":"Do you have eny doubt? Contact Ingaso: Pol\u00edgono El Carrascal, P 8-9. Lanciego 01308. Alava (Espa\u00f1a) Tel\u00e9fono: +34 945 62 50 20 Email: info@ingaso.com","og_url":"https:\/\/www.ingaso.com\/en\/contact\/","og_site_name":"Ingaso","article_modified_time":"2022-03-15T14:41:13+00:00","twitter_card":"summary_large_image","twitter_misc":{"Est. reading time":"1 minute"},"schema":{"@context":"https:\/\/schema.org","@graph":[{"@type":"WebPage","@id":"https:\/\/www.ingaso.com\/en\/contact\/","url":"https:\/\/www.ingaso.com\/en\/contact\/","name":"Contact | INGASO","isPartOf":{"@id":"https:\/\/www.ingaso.com\/#website"},"datePublished":"2013-03-23T13:06:18+00:00","dateModified":"2022-03-15T14:41:13+00:00","description":"Do you have eny doubt? Contact Ingaso: Pol\u00edgono El Carrascal, P 8-9. Lanciego 01308. Alava (Espa\u00f1a) Tel\u00e9fono: +34 945 62 50 20 Email: info@ingaso.com","breadcrumb":{"@id":"https:\/\/www.ingaso.com\/en\/contact\/#breadcrumb"},"inLanguage":"en-US","potentialAction":[{"@type":"ReadAction","target":["https:\/\/www.ingaso.com\/en\/contact\/"]}]},{"@type":"BreadcrumbList","@id":"https:\/\/www.ingaso.com\/en\/contact\/#breadcrumb","itemListElement":[{"@type":"ListItem","position":1,"name":"Portada","item":"https:\/\/www.ingaso.com\/en\/"},{"@type":"ListItem","position":2,"name":"Contact"}]},{"@type":"WebSite","@id":"https:\/\/www.ingaso.com\/#website","url":"https:\/\/www.ingaso.com\/","name":"Ingaso","description":"","potentialAction":[{"@type":"SearchAction","target":{"@type":"EntryPoint","urlTemplate":"https:\/\/www.ingaso.com\/?s={search_term_string}"},"query-input":"required name=search_term_string"}],"inLanguage":"en-US"}]}},"_links":{"self":[{"href":"https:\/\/www.ingaso.com\/en\/wp-json\/wp\/v2\/pages\/1410"}],"collection":[{"href":"https:\/\/www.ingaso.com\/en\/wp-json\/wp\/v2\/pages"}],"about":[{"href":"https:\/\/www.ingaso.com\/en\/wp-json\/wp\/v2\/types\/page"}],"author":[{"embeddable":true,"href":"https:\/\/www.ingaso.com\/en\/wp-json\/wp\/v2\/users\/1"}],"replies":[{"embeddable":true,"href":"https:\/\/www.ingaso.com\/en\/wp-json\/wp\/v2\/comments?post=1410"}],"version-history":[{"count":9,"href":"https:\/\/www.ingaso.com\/en\/wp-json\/wp\/v2\/pages\/1410\/revisions"}],"predecessor-version":[{"id":1969,"href":"https:\/\/www.ingaso.com\/en\/wp-json\/wp\/v2\/pages\/1410\/revisions\/1969"}],"wp:attachment":[{"href":"https:\/\/www.ingaso.com\/en\/wp-json\/wp\/v2\/media?parent=1410"}],"curies":[{"name":"wp","href":"https:\/\/api.w.org\/{rel}","templated":true}]}}